{"id":12681,"date":"2022-06-22T09:43:33","date_gmt":"2022-06-22T09:43:33","guid":{"rendered":"https:\/\/wcpporguk.cf.ac.uk\/llywodraethu-a-gweithredu\/"},"modified":"2025-04-11T13:14:45","modified_gmt":"2025-04-11T13:14:45","slug":"llywodraethu-a-gweithredu","status":"publish","type":"page","link":"https:\/\/wcpp.org.uk\/cy\/llywodraethu-a-gweithredu\/","title":{"rendered":"Llywodraethu a Gweithredu"},"content":{"rendered":"<p>Cwestiwn beirniadol ym maes polisi cyhoeddus yw sut mae llywodraethau\u2019n sicrhau newid mewn cymdeithas. Mae llunwyr polis\u00efau ledled y byd yn ceisio mynd i\u2019r afael \u00e2\u2019r cwestiwn hwn a\u2019r ffordd y mae llywodraethau'n galw ar weithredwyr eraill ac yn gweithio gyda nhw i allu sicrhau newid. Mae'r ystod gyfyngedig o bwerau ffurfiol sydd ar gael i lunwyr polis\u00efau cenedlaethol yng Nghymru\u2019n golygu bod yr her hon yn fwy cymhleth ac ac\u00edwt. Mae gwaith Canolfan Polisi Cyhoeddus Cymru yn y maes hwn yn edrych ar r\u00f4l tystiolaeth yn y gwaith o lunio polis\u00efau effeithiol a sut i ddatblygu polis\u00efau y gellir eu gweithredu.<\/p>\n","protected":false},"excerpt":{"rendered":"<p>Cwestiwn beirniadol ym maes polisi cyhoeddus yw sut mae llywodraethau\u2019n sicrhau newid mewn cymdeithas. Mae llunwyr polis\u00efau ledled y byd yn ceisio mynd i\u2019r afael \u00e2\u2019r cwestiwn hwn a\u2019r ffordd y mae llywodraethau'n galw ar weithredwyr eraill ac yn gweithio gyda nhw i allu sicrhau newid. Mae'r ystod gyfyngedig o bwerau ffurfiol sydd ar gael [&hellip;]<\/p>\n","protected":false},"author":1,"featured_media":12682,"parent":0,"menu_order":0,"comment_status":"closed","ping_status":"open","template":"","meta":{"footnotes":""},"class_list":["post-12681","page","type-page","status-publish","has-post-thumbnail","hentry"],"meta_box":{"image":[],"files":[]},"_links":{"self":[{"href":"https:\/\/wcpp.org.uk\/cy\/wp-json\/wp\/v2\/pages\/12681","targetHints":{"allow":["GET"]}}],"collection":[{"href":"https:\/\/wcpp.org.uk\/cy\/wp-json\/wp\/v2\/pages"}],"about":[{"href":"https:\/\/wcpp.org.uk\/cy\/wp-json\/wp\/v2\/types\/page"}],"author":[{"embeddable":true,"href":"https:\/\/wcpp.org.uk\/cy\/wp-json\/wp\/v2\/users\/1"}],"replies":[{"embeddable":true,"href":"https:\/\/wcpp.org.uk\/cy\/wp-json\/wp\/v2\/comments?post=12681"}],"version-history":[{"count":1,"href":"https:\/\/wcpp.org.uk\/cy\/wp-json\/wp\/v2\/pages\/12681\/revisions"}],"predecessor-version":[{"id":12683,"href":"https:\/\/wcpp.org.uk\/cy\/wp-json\/wp\/v2\/pages\/12681\/revisions\/12683"}],"wp:featuredmedia":[{"embeddable":true,"href":"https:\/\/wcpp.org.uk\/cy\/wp-json\/wp\/v2\/media\/12682"}],"wp:attachment":[{"href":"https:\/\/wcpp.org.uk\/cy\/wp-json\/wp\/v2\/media?parent=12681"}],"curies":[{"name":"wp","href":"https:\/\/api.w.org\/{rel}","templated":true}]}}